{"id":6598,"date":"2026-03-27T15:29:12","date_gmt":"2026-03-27T14:29:12","guid":{"rendered":"https:\/\/www.wundcare-akademie.de\/kursangebot\/?post_type=product&#038;p=6598"},"modified":"2026-03-27T15:30:58","modified_gmt":"2026-03-27T14:30:58","slug":"wundexperte-icw-november-2026","status":"publish","type":"product","link":"https:\/\/www.wundcare-akademie.de\/kursangebot\/produkt\/wundexperte-icw-november-2026\/","title":{"rendered":"Wundexperte\u00ae ICW November 2026"},"content":{"rendered":"<p><strong>Seminarinhalte (56 UE):<br \/>\n<\/strong>Haut \/ Hautpflege<br \/>\nWundarten und -heilung<br \/>\nSchmerz<br \/>\nHygiene in der Wundversorgung<br \/>\nWundbeurteilung und -dokumentation<br \/>\nExpertenstandard Pflege von Menschen mit chronischen Wunden<br \/>\nUlcus cruris Prophylaxe \/ Behandlung<br \/>\nDekubitus \/ Prophylaxe und Therapie<br \/>\nDiabetisches Fu\u00dfsyndrom \/ Prophylaxe und Therapie<br \/>\nGrunds\u00e4tze Wundversorgung und Wundauflagen<br \/>\nWundreinigung \/ Wundsp\u00fclung<br \/>\nInfektmanagement<br \/>\nFallmanagement<br \/>\nFinanzierung<br \/>\nRechtliche Aspekte<br \/>\nEdukation<br \/>\nErn\u00e4hrung<\/p>\n<p>Nach erfolgreicher 16-st\u00fcndiger Hospitation sowie bestandener Pr\u00fcfung (Klausur und Hausarbeit) erhalten Sie den Titel Wundexperte\u00ae (ICW). Die Zertifizierung hat eine G\u00fcltigkeitsdauer von 5 Jahren. Zur Verl\u00e4ngerung des Zertifikats ist das j\u00e4hrliche Sammeln von Fortbildungspunkten erforderlich. Dadurch k\u00f6nnen Sie nachweisen, dass Ihr Wissen und Ihre F\u00e4higkeiten in diesem Fachgebiet auf dem aktuellen Stand sind.<\/p>\n<p><strong>Zulassungskriterien:<\/strong><br \/>\nNur Personen aus den folgenden Berufsgruppen sind berechtigt, die Zertifizierung als Wundexperte ICW\u00ae durch die ICW\/T\u00dcV PersCert zu erlangen.<br \/>\nPflegefachpersonen<br \/>\nHeilerziehungspfleger<br \/>\nMedizinische Fachangestellte (MFA)<br \/>\nOperationstechnische Assistenten (OTA)<br \/>\nHumanmediziner<br \/>\nApotheker<br \/>\nHeilpraktiker<br \/>\nPodologen<br \/>\nPhysiotherapeuten mit Zusatzqualifikation<\/p>\n","protected":false},"excerpt":{"rendered":"<p>Der Unterricht findet von 09-16:15 Uhr an folgenden Tagen statt: 11.11. bis 13.11.26, 16.11. bis 20.11.26<br \/>\nPr\u00fcfung: 23.11.25<br \/>\nVeranstaltungsort: Dyrotzer Ring 4 in 14641 Wustermark (bei Berlin)<\/p>\n","protected":false},"featured_media":6528,"comment_status":"open","ping_status":"closed","template":"","meta":{"_acf_changed":false},"product_brand":[],"product_cat":[298],"product_tag":[],"class_list":{"0":"post-6598","1":"product","2":"type-product","3":"status-publish","4":"has-post-thumbnail","6":"product_cat-wundexperte","8":"first","9":"instock","10":"featured","11":"virtual","12":"purchasable","13":"product-type-simple"},"acf":[],"_links":{"self":[{"href":"https:\/\/www.wundcare-akademie.de\/kursangebot\/wp-json\/wp\/v2\/product\/6598","targetHints":{"allow":["GET"]}}],"collection":[{"href":"https:\/\/www.wundcare-akademie.de\/kursangebot\/wp-json\/wp\/v2\/product"}],"about":[{"href":"https:\/\/www.wundcare-akademie.de\/kursangebot\/wp-json\/wp\/v2\/types\/product"}],"replies":[{"embeddable":true,"href":"https:\/\/www.wundcare-akademie.de\/kursangebot\/wp-json\/wp\/v2\/comments?post=6598"}],"wp:featuredmedia":[{"embeddable":true,"href":"https:\/\/www.wundcare-akademie.de\/kursangebot\/wp-json\/wp\/v2\/media\/6528"}],"wp:attachment":[{"href":"https:\/\/www.wundcare-akademie.de\/kursangebot\/wp-json\/wp\/v2\/media?parent=6598"}],"wp:term":[{"taxonomy":"product_brand","embeddable":true,"href":"https:\/\/www.wundcare-akademie.de\/kursangebot\/wp-json\/wp\/v2\/product_brand?post=6598"},{"taxonomy":"product_cat","embeddable":true,"href":"https:\/\/www.wundcare-akademie.de\/kursangebot\/wp-json\/wp\/v2\/product_cat?post=6598"},{"taxonomy":"product_tag","embeddable":true,"href":"https:\/\/www.wundcare-akademie.de\/kursangebot\/wp-json\/wp\/v2\/product_tag?post=6598"}],"curies":[{"name":"wp","href":"https:\/\/api.w.org\/{rel}","templated":true}]}}