{"id":864,"date":"2023-01-24T15:05:25","date_gmt":"2023-01-24T14:05:25","guid":{"rendered":"https:\/\/dev.everpress.everapps.dev\/?page_id=864"},"modified":"2026-03-10T08:38:29","modified_gmt":"2026-03-10T07:38:29","slug":"startseite","status":"publish","type":"page","link":"https:\/\/www.wundcare-akademie.de\/kursangebot\/","title":{"rendered":"Startseite"},"content":{"rendered":"\n\t<div class=\"ep-content-dynamic space-bottom-none bg-light space \"><div class=\"row   default-between default-middle\"><div class=\"col \"><h1>Unser Kursangebot \u2013 Weiterbildung f\u00fcr moderne Wundversorgung<\/h1>\n<\/div><div class=\"col medium-6 \"><p>Willkommen bei der Wundcare Akademie!<br \/>\nUnser Ziel ist es, dir das Wissen und die praktischen F\u00e4higkeiten zu vermitteln, die du f\u00fcr eine professionelle und effektive Wundversorgung ben\u00f6tigst. Entdecke unser umfangreiches Angebot an praxisnahen Kursen und spezialisierten Weiterbildungen.<\/p>\n<\/div><div class=\"col medium-6 \"><p>Wir arbeiten t\u00e4glich daran f\u00fcr Sie noch weitere Kurse veranstalten zu k\u00f6nnen. Informieren Sie sich regelm\u00e4\u00dfig oder lassen Sie uns eine Anfrage \u00fcber unser Kontaktformular zukommen.<\/p>\n<\/div><div class=\"col \"><div class=\"imageContainer\"><picture ><source media=\"(max-width: 480px)\" srcset=\"https:\/\/www.wundcare-akademie.de\/kursangebot\/wp-content\/uploads\/2026\/02\/calendar-e1770027265398-480x158.jpg\"><source media=\"(max-width: 760px)\" srcset=\"https:\/\/www.wundcare-akademie.de\/kursangebot\/wp-content\/uploads\/2026\/02\/calendar-e1770027265398-760x250.jpg\"><source media=\"(max-width: 1200px)\" srcset=\"https:\/\/www.wundcare-akademie.de\/kursangebot\/wp-content\/uploads\/2026\/02\/calendar-e1770027265398-1200x394.jpg\"><img decoding=\"async\" class=\"non-fluid\" style=\"aspect-ratio: 3.04 \/ 1\" loading=\"lazy\" alt=\"Ein wei\u00dfer Kalender mit vielen Seiten\" title=\"Ein wei\u00dfer Kalender mit vielen Seiten\" src=\"https:\/\/www.wundcare-akademie.de\/kursangebot\/wp-content\/uploads\/2026\/02\/calendar-e1770027265398.jpg\"><\/picture><\/div><\/div><\/div><\/div>\n\t\n\n\n<div class=\"ep-products-teaser  bg-light space\">\n<div class=\"row\">\n\n\t\n\t<div class=\"col ep-title-container\"><a title=\"Kurse - Unsere Kurse im \u00dcberblick | Wundcare Akademie UG\" class=\"btn weight-bold icon icon-after-arrow-right margin-bottom\" target=\"_self\" href=\"https:\/\/www.wundcare-akademie.de\/kursangebot\/kurse\/\">Alle Kurse ansehen<\/a><\/div>\n\n\t<div class=\"col\">\n\t\t<ul class=\"ep-teaser-tiles products margin-bottom \"><li class=\"product type-product post-6598 status-publish first instock product_cat-wundexperte has-post-thumbnail featured virtual purchasable product-type-simple\">\n\t<a title=\"Wundexperte\u00ae ICW April-Kurs 2025-W-232 | Wundcare Akademie UG\" href=\"https:\/\/www.wundcare-akademie.de\/kursangebot\/produkt\/wundexperte-icw-november-2026\/\" class=\"woocommerce-LoopProduct-link woocommerce-loop-product__link\" aria-label=\"Produkt \u00f6ffnen \u2013 Wundexperte\u00ae ICW November 2026\" data-tooltip=\"focus\"><\/a><img loading=\"lazy\" decoding=\"async\" width=\"800\" height=\"650\" src=\"https:\/\/www.wundcare-akademie.de\/kursangebot\/wp-content\/uploads\/2025\/12\/wundexperte-800x650.jpg\" class=\"attachment-woocommerce_thumbnail size-woocommerce_thumbnail\" alt=\"Wundexperte ICW\u00ae\" srcset=\"https:\/\/www.wundcare-akademie.de\/kursangebot\/wp-content\/uploads\/2025\/12\/wundexperte-800x650.jpg 800w, https:\/\/www.wundcare-akademie.de\/kursangebot\/wp-content\/uploads\/2025\/12\/wundexperte-1000x813.jpg 1000w, https:\/\/www.wundcare-akademie.de\/kursangebot\/wp-content\/uploads\/2025\/12\/wundexperte-1024x833.jpg 1024w, https:\/\/www.wundcare-akademie.de\/kursangebot\/wp-content\/uploads\/2025\/12\/wundexperte-150x122.jpg 150w, https:\/\/www.wundcare-akademie.de\/kursangebot\/wp-content\/uploads\/2025\/12\/wundexperte-768x624.jpg 768w, https:\/\/www.wundcare-akademie.de\/kursangebot\/wp-content\/uploads\/2025\/12\/wundexperte-480x390.jpg 480w, https:\/\/www.wundcare-akademie.de\/kursangebot\/wp-content\/uploads\/2025\/12\/wundexperte-760x618.jpg 760w, https:\/\/www.wundcare-akademie.de\/kursangebot\/wp-content\/uploads\/2025\/12\/wundexperte-1200x976.jpg 1200w, https:\/\/www.wundcare-akademie.de\/kursangebot\/wp-content\/uploads\/2025\/12\/wundexperte.jpg 1230w\" sizes=\"auto, (max-width: 800px) 100vw, 800px\" \/><h2 class=\"woocommerce-loop-product__title\">Wundexperte\u00ae ICW November 2026<\/h2>\n\t<span class=\"price\"><span class=\"woocommerce-Price-amount amount\"><bdi>1.300,00&nbsp;<span class=\"woocommerce-Price-currencySymbol\">&euro;<\/span><\/bdi><\/span><\/span>\n\n<div class=\"product-info-container\"><\/div><div class=\"mark-container\"><mark class=\"mark-link\"><a href=\"https:\/\/www.wundcare-akademie.de\/kursangebot\/produkt-kategorie\/wundexperte\/\" title=\"Gehe zu Wundexperte\u00ae ICW\">Wundexperte\u00ae ICW<\/a><\/mark><\/div>\n\n\n\n\n\n<a href=\"\/kursangebot\/wp-json\/wp\/v2\/pages\/864?add-to-cart=6598\" aria-describedby=\"woocommerce_loop_add_to_cart_link_describedby_6598\" data-quantity=\"1\" class=\"button product_type_simple add_to_cart_button ajax_add_to_cart\" data-product_id=\"6598\" data-product_sku=\"Kursnummer: 2026-W-250\" aria-label=\"In den Warenkorb legen: \u201eWundexperte\u00ae ICW November 2026\u201c\" rel=\"nofollow\" data-success_message=\"\u201eWundexperte\u00ae ICW November 2026\u201c wurde Ihrem Warenkorb hinzugef\u00fcgt\" data-product-name=\"Wundexperte\u00ae ICW November 2026\" title=\"In den Warenkorb legen: \u201eWundexperte\u00ae ICW November 2026\u201c\" role=\"button\">In den Warenkorb<\/a>\t<span id=\"woocommerce_loop_add_to_cart_link_describedby_6598\" class=\"screen-reader-text\">\n\t\t\t<\/span>\n<\/li>\n<li class=\"product type-product post-6597 status-publish instock product_cat-wundexperte has-post-thumbnail featured virtual purchasable product-type-simple\">\n\t<a title=\"Wundexperte\u00ae ICW April-Kurs 2025-W-232 | Wundcare Akademie UG\" href=\"https:\/\/www.wundcare-akademie.de\/kursangebot\/produkt\/wundexperte-icw-september-2026\/\" class=\"woocommerce-LoopProduct-link woocommerce-loop-product__link\" aria-label=\"Produkt \u00f6ffnen \u2013 Wundexperte\u00ae ICW September 2026\" data-tooltip=\"focus\"><\/a><img loading=\"lazy\" decoding=\"async\" width=\"800\" height=\"650\" src=\"https:\/\/www.wundcare-akademie.de\/kursangebot\/wp-content\/uploads\/2025\/12\/wundexperte-800x650.jpg\" class=\"attachment-woocommerce_thumbnail size-woocommerce_thumbnail\" alt=\"Wundexperte ICW\u00ae\" srcset=\"https:\/\/www.wundcare-akademie.de\/kursangebot\/wp-content\/uploads\/2025\/12\/wundexperte-800x650.jpg 800w, https:\/\/www.wundcare-akademie.de\/kursangebot\/wp-content\/uploads\/2025\/12\/wundexperte-1000x813.jpg 1000w, https:\/\/www.wundcare-akademie.de\/kursangebot\/wp-content\/uploads\/2025\/12\/wundexperte-1024x833.jpg 1024w, https:\/\/www.wundcare-akademie.de\/kursangebot\/wp-content\/uploads\/2025\/12\/wundexperte-150x122.jpg 150w, https:\/\/www.wundcare-akademie.de\/kursangebot\/wp-content\/uploads\/2025\/12\/wundexperte-768x624.jpg 768w, https:\/\/www.wundcare-akademie.de\/kursangebot\/wp-content\/uploads\/2025\/12\/wundexperte-480x390.jpg 480w, https:\/\/www.wundcare-akademie.de\/kursangebot\/wp-content\/uploads\/2025\/12\/wundexperte-760x618.jpg 760w, https:\/\/www.wundcare-akademie.de\/kursangebot\/wp-content\/uploads\/2025\/12\/wundexperte-1200x976.jpg 1200w, https:\/\/www.wundcare-akademie.de\/kursangebot\/wp-content\/uploads\/2025\/12\/wundexperte.jpg 1230w\" sizes=\"auto, (max-width: 800px) 100vw, 800px\" \/><h2 class=\"woocommerce-loop-product__title\">Wundexperte\u00ae ICW September 2026<\/h2>\n\t<span class=\"price\"><span class=\"woocommerce-Price-amount amount\"><bdi>1.300,00&nbsp;<span class=\"woocommerce-Price-currencySymbol\">&euro;<\/span><\/bdi><\/span><\/span>\n\n<div class=\"product-info-container\"><\/div><div class=\"mark-container\"><mark class=\"mark-link\"><a href=\"https:\/\/www.wundcare-akademie.de\/kursangebot\/produkt-kategorie\/wundexperte\/\" title=\"Gehe zu Wundexperte\u00ae ICW\">Wundexperte\u00ae ICW<\/a><\/mark><\/div>\n\n\n\n\n\n<a href=\"\/kursangebot\/wp-json\/wp\/v2\/pages\/864?add-to-cart=6597\" aria-describedby=\"woocommerce_loop_add_to_cart_link_describedby_6597\" data-quantity=\"1\" class=\"button product_type_simple add_to_cart_button ajax_add_to_cart\" data-product_id=\"6597\" data-product_sku=\"Kursnummer: 2026-W-249\" aria-label=\"In den Warenkorb legen: \u201eWundexperte\u00ae ICW September 2026\u201c\" rel=\"nofollow\" data-success_message=\"\u201eWundexperte\u00ae ICW September 2026\u201c wurde Ihrem Warenkorb hinzugef\u00fcgt\" data-product-name=\"Wundexperte\u00ae ICW September 2026\" title=\"In den Warenkorb legen: \u201eWundexperte\u00ae ICW September 2026\u201c\" role=\"button\">In den Warenkorb<\/a>\t<span id=\"woocommerce_loop_add_to_cart_link_describedby_6597\" class=\"screen-reader-text\">\n\t\t\t<\/span>\n<\/li>\n<li class=\"product type-product post-6596 status-publish last instock product_cat-fachtherapeut has-post-thumbnail featured virtual purchasable product-type-simple\">\n\t<a title=\"Fachtherapeut Wunde ICW\u00ae Modul 1 (HKP) Dezember-Kurs\" href=\"https:\/\/www.wundcare-akademie.de\/kursangebot\/produkt\/fachtherapeut-wunde-icw-modul-1-hkp-modul-dezember\/\" class=\"woocommerce-LoopProduct-link woocommerce-loop-product__link\" aria-label=\"Produkt \u00f6ffnen \u2013 Fachtherapeut Wunde ICW\u00ae Modul 1 (HKP-Modul) Dezember\" data-tooltip=\"focus\"><\/a><img loading=\"lazy\" decoding=\"async\" width=\"800\" height=\"650\" src=\"https:\/\/www.wundcare-akademie.de\/kursangebot\/wp-content\/uploads\/2025\/12\/fachtherapeut-800x650.jpg\" class=\"attachment-woocommerce_thumbnail size-woocommerce_thumbnail\" alt=\"Fachtherapeut Wunde ICW\" srcset=\"https:\/\/www.wundcare-akademie.de\/kursangebot\/wp-content\/uploads\/2025\/12\/fachtherapeut-800x650.jpg 800w, https:\/\/www.wundcare-akademie.de\/kursangebot\/wp-content\/uploads\/2025\/12\/fachtherapeut-1000x813.jpg 1000w, https:\/\/www.wundcare-akademie.de\/kursangebot\/wp-content\/uploads\/2025\/12\/fachtherapeut-1024x833.jpg 1024w, https:\/\/www.wundcare-akademie.de\/kursangebot\/wp-content\/uploads\/2025\/12\/fachtherapeut-150x122.jpg 150w, https:\/\/www.wundcare-akademie.de\/kursangebot\/wp-content\/uploads\/2025\/12\/fachtherapeut-768x624.jpg 768w, https:\/\/www.wundcare-akademie.de\/kursangebot\/wp-content\/uploads\/2025\/12\/fachtherapeut-480x390.jpg 480w, https:\/\/www.wundcare-akademie.de\/kursangebot\/wp-content\/uploads\/2025\/12\/fachtherapeut-760x618.jpg 760w, https:\/\/www.wundcare-akademie.de\/kursangebot\/wp-content\/uploads\/2025\/12\/fachtherapeut-1200x976.jpg 1200w, https:\/\/www.wundcare-akademie.de\/kursangebot\/wp-content\/uploads\/2025\/12\/fachtherapeut.jpg 1230w\" sizes=\"auto, (max-width: 800px) 100vw, 800px\" \/><h2 class=\"woocommerce-loop-product__title\">Fachtherapeut Wunde ICW\u00ae Modul 1 (HKP-Modul) Dezember<\/h2>\n\t<span class=\"price\"><span class=\"woocommerce-Price-amount amount\"><bdi>750,00&nbsp;<span class=\"woocommerce-Price-currencySymbol\">&euro;<\/span><\/bdi><\/span><\/span>\n\n<div class=\"product-info-container\"><\/div><div class=\"mark-container\"><mark class=\"mark-link\"><a href=\"https:\/\/www.wundcare-akademie.de\/kursangebot\/produkt-kategorie\/fachtherapeut\/\" title=\"Gehe zu Fachtherapeut ICW\u00ae\">Fachtherapeut ICW\u00ae<\/a><\/mark><\/div>\n\n\n\n\n\n<a href=\"\/kursangebot\/wp-json\/wp\/v2\/pages\/864?add-to-cart=6596\" aria-describedby=\"woocommerce_loop_add_to_cart_link_describedby_6596\" data-quantity=\"1\" class=\"button product_type_simple add_to_cart_button ajax_add_to_cart\" data-product_id=\"6596\" data-product_sku=\"Kursnummer: beantragt\" aria-label=\"In den Warenkorb legen: \u201eFachtherapeut Wunde ICW\u00ae Modul 1 (HKP-Modul) Dezember\u201c\" rel=\"nofollow\" data-success_message=\"\u201eFachtherapeut Wunde ICW\u00ae Modul 1 (HKP-Modul) Dezember\u201c wurde Ihrem Warenkorb hinzugef\u00fcgt\" data-product-name=\"Fachtherapeut Wunde ICW\u00ae Modul 1 (HKP-Modul) Dezember\" title=\"In den Warenkorb legen: \u201eFachtherapeut Wunde ICW\u00ae Modul 1 (HKP-Modul) Dezember\u201c\" role=\"button\">In den Warenkorb<\/a>\t<span id=\"woocommerce_loop_add_to_cart_link_describedby_6596\" class=\"screen-reader-text\">\n\t\t\t<\/span>\n<\/li>\n<li class=\"product type-product post-6586 status-publish first instock product_cat-rezertifizierung has-post-thumbnail featured virtual purchasable product-type-simple\">\n\t<a title=\"Rezertifizierungsveranstaltung (8 ICW-Fortbildungspunkte)\" href=\"https:\/\/www.wundcare-akademie.de\/kursangebot\/produkt\/wenn-wunden-sprechen-koennten\/\" class=\"woocommerce-LoopProduct-link woocommerce-loop-product__link\" aria-label=\"Produkt \u00f6ffnen \u2013 Wenn Wunden sprechen k\u00f6nnten &#8211; wir h\u00f6ren genau hin! (8 ICW-Punkte)\" data-tooltip=\"focus\"><\/a><img loading=\"lazy\" decoding=\"async\" width=\"800\" height=\"650\" src=\"https:\/\/www.wundcare-akademie.de\/kursangebot\/wp-content\/uploads\/2026\/03\/bild-rezertifizierung-800x650.png\" class=\"attachment-woocommerce_thumbnail size-woocommerce_thumbnail\" alt=\"Hand \u00fcber der ein roter Haken schwebt.\" srcset=\"https:\/\/www.wundcare-akademie.de\/kursangebot\/wp-content\/uploads\/2026\/03\/bild-rezertifizierung-800x650.png 800w, https:\/\/www.wundcare-akademie.de\/kursangebot\/wp-content\/uploads\/2026\/03\/bild-rezertifizierung-1024x833.png 1024w, https:\/\/www.wundcare-akademie.de\/kursangebot\/wp-content\/uploads\/2026\/03\/bild-rezertifizierung-150x122.png 150w, https:\/\/www.wundcare-akademie.de\/kursangebot\/wp-content\/uploads\/2026\/03\/bild-rezertifizierung-768x624.png 768w, https:\/\/www.wundcare-akademie.de\/kursangebot\/wp-content\/uploads\/2026\/03\/bild-rezertifizierung-480x390.png 480w, https:\/\/www.wundcare-akademie.de\/kursangebot\/wp-content\/uploads\/2026\/03\/bild-rezertifizierung-760x618.png 760w, https:\/\/www.wundcare-akademie.de\/kursangebot\/wp-content\/uploads\/2026\/03\/bild-rezertifizierung-1200x976.png 1200w, https:\/\/www.wundcare-akademie.de\/kursangebot\/wp-content\/uploads\/2026\/03\/bild-rezertifizierung-1000x813.png 1000w, https:\/\/www.wundcare-akademie.de\/kursangebot\/wp-content\/uploads\/2026\/03\/bild-rezertifizierung.png 1230w\" sizes=\"auto, (max-width: 800px) 100vw, 800px\" \/><h2 class=\"woocommerce-loop-product__title\">Wenn Wunden sprechen k\u00f6nnten &#8211; wir h\u00f6ren genau hin! (8 ICW-Punkte)<\/h2>\n\t<span class=\"price\"><span class=\"woocommerce-Price-amount amount\"><bdi>160,00&nbsp;<span class=\"woocommerce-Price-currencySymbol\">&euro;<\/span><\/bdi><\/span><\/span>\n\n<div class=\"product-info-container\"><\/div><div class=\"mark-container\"><mark class=\"mark-link\"><a href=\"https:\/\/www.wundcare-akademie.de\/kursangebot\/produkt-kategorie\/rezertifizierung\/\" title=\"Gehe zu Rezertifizierung\">Rezertifizierung<\/a><\/mark><\/div>\n\n\n\n\n\n<a href=\"\/kursangebot\/wp-json\/wp\/v2\/pages\/864?add-to-cart=6586\" aria-describedby=\"woocommerce_loop_add_to_cart_link_describedby_6586\" data-quantity=\"1\" class=\"button product_type_simple add_to_cart_button ajax_add_to_cart\" data-product_id=\"6586\" data-product_sku=\"Kursnummer: 2026-R-971\" aria-label=\"In den Warenkorb legen: \u201eWenn Wunden sprechen k\u00f6nnten - wir h\u00f6ren genau hin! (8 ICW-Punkte)\u201c\" rel=\"nofollow\" data-success_message=\"\u201eWenn Wunden sprechen k\u00f6nnten - wir h\u00f6ren genau hin! (8 ICW-Punkte)\u201c wurde Ihrem Warenkorb hinzugef\u00fcgt\" data-product-name=\"Wenn Wunden sprechen k\u00f6nnten - wir h\u00f6ren genau hin! (8 ICW-Punkte)\" title=\"In den Warenkorb legen: \u201eWenn Wunden sprechen k\u00f6nnten - wir h\u00f6ren genau hin! (8 ICW-Punkte)\u201c\" role=\"button\">In den Warenkorb<\/a>\t<span id=\"woocommerce_loop_add_to_cart_link_describedby_6586\" class=\"screen-reader-text\">\n\t\t\t<\/span>\n<\/li>\n<\/ul><\/div>\n\n<\/div>\n<\/div>\n\n\t\n\n\n\t<div class=\"ep-content-dynamic space-top-none bg-light space \"><div class=\"row   default-start default-top\"><div class=\"col \"><h3>Jetzt anmelden und Expertise st\u00e4rken!<\/h3>\n<p>Sicheren Sie Ihren Platz in einem unserer begehrten Kurse. Starte Sie noch heute Ihre Weiterbildung im Bereich Wundmanagement und verbessere die Versorgung Ihrer Patienten nachhaltig.<\/p>\n<\/div><\/div><\/div>\n\t","protected":false},"excerpt":{"rendered":"","protected":false},"author":1,"featured_media":0,"parent":0,"menu_order":0,"comment_status":"closed","ping_status":"closed","template":"","meta":{"_acf_changed":false,"footnotes":""},"class_list":["post-864","page","type-page","status-publish","hentry"],"acf":[],"_links":{"self":[{"href":"https:\/\/www.wundcare-akademie.de\/kursangebot\/wp-json\/wp\/v2\/pages\/864","targetHints":{"allow":["GET"]}}],"collection":[{"href":"https:\/\/www.wundcare-akademie.de\/kursangebot\/wp-json\/wp\/v2\/pages"}],"about":[{"href":"https:\/\/www.wundcare-akademie.de\/kursangebot\/wp-json\/wp\/v2\/types\/page"}],"author":[{"embeddable":true,"href":"https:\/\/www.wundcare-akademie.de\/kursangebot\/wp-json\/wp\/v2\/users\/1"}],"replies":[{"embeddable":true,"href":"https:\/\/www.wundcare-akademie.de\/kursangebot\/wp-json\/wp\/v2\/comments?post=864"}],"version-history":[{"count":5,"href":"https:\/\/www.wundcare-akademie.de\/kursangebot\/wp-json\/wp\/v2\/pages\/864\/revisions"}],"predecessor-version":[{"id":6590,"href":"https:\/\/www.wundcare-akademie.de\/kursangebot\/wp-json\/wp\/v2\/pages\/864\/revisions\/6590"}],"wp:attachment":[{"href":"https:\/\/www.wundcare-akademie.de\/kursangebot\/wp-json\/wp\/v2\/media?parent=864"}],"curies":[{"name":"wp","href":"https:\/\/api.w.org\/{rel}","templated":true}]}}